{"id":7,"date":"2021-09-02T11:03:31","date_gmt":"2021-09-02T11:03:31","guid":{"rendered":"http:\/\/kolaykurulum.com\/?page_id=7"},"modified":"2021-09-02T11:03:31","modified_gmt":"2021-09-02T11:03:31","slug":"bize-ulasin","status":"publish","type":"page","link":"http:\/\/kolaykurulum.com\/index.php\/bize-ulasin\/","title":{"rendered":"Bize ula\u015f\u0131n"},"content":{"rendered":"\n<p>Bu, adres ve telefon numaras\u0131 gibi temel ileti\u015fim bilgilerinin oldu\u011fu bir sayfad\u0131r. Ayr\u0131ca bir ileti\u015fim formu eklemek i\u00e7in bir eklenti de deneyebilirsiniz.<\/p>\n","protected":false},"excerpt":{"rendered":"<div class=\"mh-excerpt\"><p>Bu, adres ve telefon numaras\u0131 gibi temel ileti\u015fim bilgilerinin oldu\u011fu bir sayfad\u0131r. Ayr\u0131ca bir ileti\u015fim formu eklemek i\u00e7in bir eklenti de deneyebilirsiniz.<\/p>\n<\/div>","protected":false},"author":1,"featured_media":0,"parent":0,"menu_order":0,"comment_status":"closed","ping_status":"closed","template":"","meta":[],"yoast_head":"<!-- This site is optimized with the Yoast SEO plugin v17.0 - https:\/\/yoast.com\/wordpress\/plugins\/seo\/ -->\r\n<title>Bize ula\u015f\u0131n - Kolaykurulum<\/title>\r\n<meta name=\"robots\" content=\"index, follow, max-snippet:-1, max-image-preview:large, max-video-preview:-1\" \/>\r\n<link rel=\"canonical\" href=\"http:\/\/kolaykurulum.com\/index.php\/bize-ulasin\/\" \/>\r\n<meta property=\"og:locale\" content=\"tr_TR\" \/>\r\n<meta property=\"og:type\" content=\"article\" \/>\r\n<meta property=\"og:title\" content=\"Bize ula\u015f\u0131n - Kolaykurulum\" \/>\r\n<meta property=\"og:description\" content=\"Bu, adres ve telefon numaras\u0131 gibi temel ileti\u015fim bilgilerinin oldu\u011fu bir sayfad\u0131r. Ayr\u0131ca bir ileti\u015fim formu eklemek i\u00e7in bir eklenti de deneyebilirsiniz.\" \/>\r\n<meta property=\"og:url\" content=\"http:\/\/kolaykurulum.com\/index.php\/bize-ulasin\/\" \/>\r\n<meta property=\"og:site_name\" content=\"Kolaykurulum\" \/>\r\n<meta name=\"twitter:card\" content=\"summary_large_image\" \/>\r\n<script type=\"application\/ld+json\" class=\"yoast-schema-graph\">{\"@context\":\"https:\/\/schema.org\",\"@graph\":[{\"@type\":\"WebSite\",\"@id\":\"http:\/\/kolaykurulum.com\/#website\",\"url\":\"http:\/\/kolaykurulum.com\/\",\"name\":\"Kolaykurulum\",\"description\":\"her\\u015feyin kurulum bilgisi burada\",\"potentialAction\":[{\"@type\":\"SearchAction\",\"target\":{\"@type\":\"EntryPoint\",\"urlTemplate\":\"http:\/\/kolaykurulum.com\/?s={search_term_string}\"},\"query-input\":\"required name=search_term_string\"}],\"inLanguage\":\"tr\"},{\"@type\":\"WebPage\",\"@id\":\"http:\/\/kolaykurulum.com\/index.php\/bize-ulasin\/#webpage\",\"url\":\"http:\/\/kolaykurulum.com\/index.php\/bize-ulasin\/\",\"name\":\"Bize ula\\u015f\\u0131n - Kolaykurulum\",\"isPartOf\":{\"@id\":\"http:\/\/kolaykurulum.com\/#website\"},\"datePublished\":\"2021-09-02T11:03:31+00:00\",\"dateModified\":\"2021-09-02T11:03:31+00:00\",\"breadcrumb\":{\"@id\":\"http:\/\/kolaykurulum.com\/index.php\/bize-ulasin\/#breadcrumb\"},\"inLanguage\":\"tr\",\"potentialAction\":[{\"@type\":\"ReadAction\",\"target\":[\"http:\/\/kolaykurulum.com\/index.php\/bize-ulasin\/\"]}]},{\"@type\":\"BreadcrumbList\",\"@id\":\"http:\/\/kolaykurulum.com\/index.php\/bize-ulasin\/#breadcrumb\",\"itemListElement\":[{\"@type\":\"ListItem\",\"position\":1,\"name\":\"Anasayfa\",\"item\":\"http:\/\/kolaykurulum.com\/\"},{\"@type\":\"ListItem\",\"position\":2,\"name\":\"Bize ula\\u015f\\u0131n\"}]}]}<\/script>\r\n<!-- \/ Yoast SEO plugin. -->","yoast_head_json":{"title":"Bize ula\u015f\u0131n - Kolaykurulum","robots":{"index":"index","follow":"follow","max-snippet":"max-snippet:-1","max-image-preview":"max-image-preview:large","max-video-preview":"max-video-preview:-1"},"canonical":"http:\/\/kolaykurulum.com\/index.php\/bize-ulasin\/","og_locale":"tr_TR","og_type":"article","og_title":"Bize ula\u015f\u0131n - Kolaykurulum","og_description":"Bu, adres ve telefon numaras\u0131 gibi temel ileti\u015fim bilgilerinin oldu\u011fu bir sayfad\u0131r. Ayr\u0131ca bir ileti\u015fim formu eklemek i\u00e7in bir eklenti de deneyebilirsiniz.","og_url":"http:\/\/kolaykurulum.com\/index.php\/bize-ulasin\/","og_site_name":"Kolaykurulum","twitter_card":"summary_large_image","schema":{"@context":"https:\/\/schema.org","@graph":[{"@type":"WebSite","@id":"http:\/\/kolaykurulum.com\/#website","url":"http:\/\/kolaykurulum.com\/","name":"Kolaykurulum","description":"her\u015feyin kurulum bilgisi burada","potentialAction":[{"@type":"SearchAction","target":{"@type":"EntryPoint","urlTemplate":"http:\/\/kolaykurulum.com\/?s={search_term_string}"},"query-input":"required name=search_term_string"}],"inLanguage":"tr"},{"@type":"WebPage","@id":"http:\/\/kolaykurulum.com\/index.php\/bize-ulasin\/#webpage","url":"http:\/\/kolaykurulum.com\/index.php\/bize-ulasin\/","name":"Bize ula\u015f\u0131n - Kolaykurulum","isPartOf":{"@id":"http:\/\/kolaykurulum.com\/#website"},"datePublished":"2021-09-02T11:03:31+00:00","dateModified":"2021-09-02T11:03:31+00:00","breadcrumb":{"@id":"http:\/\/kolaykurulum.com\/index.php\/bize-ulasin\/#breadcrumb"},"inLanguage":"tr","potentialAction":[{"@type":"ReadAction","target":["http:\/\/kolaykurulum.com\/index.php\/bize-ulasin\/"]}]},{"@type":"BreadcrumbList","@id":"http:\/\/kolaykurulum.com\/index.php\/bize-ulasin\/#breadcrumb","itemListElement":[{"@type":"ListItem","position":1,"name":"Anasayfa","item":"http:\/\/kolaykurulum.com\/"},{"@type":"ListItem","position":2,"name":"Bize ula\u015f\u0131n"}]}]}},"_links":{"self":[{"href":"http:\/\/kolaykurulum.com\/index.php\/wp-json\/wp\/v2\/pages\/7"}],"collection":[{"href":"http:\/\/kolaykurulum.com\/index.php\/wp-json\/wp\/v2\/pages"}],"about":[{"href":"http:\/\/kolaykurulum.com\/index.php\/wp-json\/wp\/v2\/types\/page"}],"author":[{"embeddable":true,"href":"http:\/\/kolaykurulum.com\/index.php\/wp-json\/wp\/v2\/users\/1"}],"replies":[{"embeddable":true,"href":"http:\/\/kolaykurulum.com\/index.php\/wp-json\/wp\/v2\/comments?post=7"}],"version-history":[{"count":1,"href":"http:\/\/kolaykurulum.com\/index.php\/wp-json\/wp\/v2\/pages\/7\/revisions"}],"predecessor-version":[{"id":12,"href":"http:\/\/kolaykurulum.com\/index.php\/wp-json\/wp\/v2\/pages\/7\/revisions\/12"}],"wp:attachment":[{"href":"http:\/\/kolaykurulum.com\/index.php\/wp-json\/wp\/v2\/media?parent=7"}],"curies":[{"name":"wp","href":"https:\/\/api.w.org\/{rel}","templated":true}]}}